{"id":251,"date":"2015-11-01T23:13:32","date_gmt":"2015-11-01T22:13:32","guid":{"rendered":"http:\/\/siljakarlsson.se\/?page_id=251"},"modified":"2016-07-02T18:07:18","modified_gmt":"2016-07-02T16:07:18","slug":"i-media","status":"publish","type":"page","link":"https:\/\/siljakarlsson.se\/?page_id=251","title":{"rendered":"I media"},"content":{"rendered":"<p><em>\u201dI Silja Karlssons konstn\u00e4rliga verksamhet m\u00f6ts tv\u00e5 f\u00f6rh\u00e5llningss\u00e4tt som s\u00e4llan l\u00e5ter sig f\u00f6renas i samtidskonsten: en genuin f\u00f6rst\u00e5else av traditionen parad med en vilja att \u00f6vertr\u00e4da det konstn\u00e4rliga mediets gr\u00e4nser. Hennes formv\u00e4rld \u00e4r ofta radikal men utan att skylta med sin radikalitet. Med sin omfattande kunskap om material och tekniker skapar hon sammansatta bilder d\u00e4r minnesfragment blandas med \u00f6gonblickliga iakttagelser. Alltid med en s\u00e4ker k\u00e4nsla f\u00f6r f\u00e4rgernas och materialens poetiska m\u00f6jligheter.\u201d<br \/>\n<\/em><strong>Uppsala l\u00e4ns landsting till stipendium 1999<\/strong><\/p>\n<p><em>Det finns en sj\u00e4lslig sl\u00e4ktskap mellan Silja Karlssons arkaiska livsstudier och Peter Tillbergs svit Stenarnas liv: samma koncentration kring v\u00e5ra fundamentala livsvillkor, samma medvetna insikt om naturens g\u00e5tfulla hemligheter.<br \/>\n<\/em><strong>Cristina Karlstam i Upsala Nya Tidning<\/strong><\/p>\n<p><em>Silja Karlsson l\u00e5ter oss ana en annan mytologi. En d\u00e4r vargen, ett totemdjur, representerar ett annorlunda s\u00e4tt att f\u00f6rh\u00e5lla sig till v\u00e5r gemensamma natur. Gr\u00e5ben som smyger likt en skugga och mot de ljusa tr\u00e4dstammarna tecknar sig som en tiger, blir en v\u00e4gvisare f\u00f6r somliga men ett hot f\u00f6r andra.<br \/>\n<\/em><strong>Bertill Sundstedt. Norrbottens-Kuriren<br \/>\n<\/strong><\/p>\n<p><em>Hon v\u00e4ver, broderar eller applicerar in m\u00e5nga inneh\u00e5ll. Det konstaterar man bland annat i den t\u00e4t ch skojiga \u201dK\u00e4rlek, liv och \u00f6verlevnad\u201d. &#8211; &#8211; &#8211; Eller den i f\u00e4rg mycket sl\u00e5ende stora bilden \u201dHembygd\u201d &#8211; en f\u00f6rt\u00e4tning av begreppen d\u00f6den och livet d\u00e4r allt f\u00e5r tas om fr\u00e5n b\u00f6rjan igen.<br \/>\n<\/em><strong>Stig Lindman i Enk\u00f6pings-Posten<\/strong><\/p>\n","protected":false},"excerpt":{"rendered":"<p>\u201dI Silja Karlssons konstn\u00e4rliga verksamhet m\u00f6ts tv\u00e5 f\u00f6rh\u00e5llningss\u00e4tt som s\u00e4llan l\u00e5ter sig f\u00f6renas i samtidskonsten: en genuin f\u00f6rst\u00e5else av traditionen parad med en vilja att \u00f6vertr\u00e4da det konstn\u00e4rliga mediets gr\u00e4nser. Hennes formv\u00e4rld \u00e4r ofta radikal men utan att skylta med sin radikalitet. Med sin omfattande kunskap om material och tekniker skapar hon sammansatta bilder d\u00e4r ... <\/p>\n","protected":false},"author":1,"featured_media":0,"parent":0,"menu_order":0,"comment_status":"closed","ping_status":"closed","template":"","meta":{"footnotes":""},"tags":[],"class_list":["post-251","page","type-page","status-publish","hentry"],"_links":{"self":[{"href":"https:\/\/siljakarlsson.se\/index.php?rest_route=\/wp\/v2\/pages\/251"}],"collection":[{"href":"https:\/\/siljakarlsson.se\/index.php?rest_route=\/wp\/v2\/pages"}],"about":[{"href":"https:\/\/siljakarlsson.se\/index.php?rest_route=\/wp\/v2\/types\/page"}],"author":[{"embeddable":true,"href":"https:\/\/siljakarlsson.se\/index.php?rest_route=\/wp\/v2\/users\/1"}],"replies":[{"embeddable":true,"href":"https:\/\/siljakarlsson.se\/index.php?rest_route=%2Fwp%2Fv2%2Fcomments&post=251"}],"version-history":[{"count":5,"href":"https:\/\/siljakarlsson.se\/index.php?rest_route=\/wp\/v2\/pages\/251\/revisions"}],"predecessor-version":[{"id":257,"href":"https:\/\/siljakarlsson.se\/index.php?rest_route=\/wp\/v2\/pages\/251\/revisions\/257"}],"wp:attachment":[{"href":"https:\/\/siljakarlsson.se\/index.php?rest_route=%2Fwp%2Fv2%2Fmedia&parent=251"}],"wp:term":[{"taxonomy":"post_tag","embeddable":true,"href":"https:\/\/siljakarlsson.se\/index.php?rest_route=%2Fwp%2Fv2%2Ftags&post=251"}],"curies":[{"name":"wp","href":"https:\/\/api.w.org\/{rel}","templated":true}]}}