{"id":135,"date":"2015-08-20T14:26:47","date_gmt":"2015-08-20T12:26:47","guid":{"rendered":"http:\/\/siljakarlsson.se\/?page_id=135"},"modified":"2015-11-01T23:00:52","modified_gmt":"2015-11-01T22:00:52","slug":"om-konstnaren","status":"publish","type":"page","link":"https:\/\/siljakarlsson.se\/?page_id=135","title":{"rendered":"Biografi"},"content":{"rendered":"<p>Silja Karlsson f\u00f6ddes 1939. Redan som tre\u00e5ring l\u00e4rde hon sig brodera av sin mor Sivi\u00e4, som fr\u00e5n Karelen till Sverige f\u00f6rt med sig sitt starka intresse f\u00f6r textilier. Detta engagemang utvecklades \u00e4nnu mera av dottern.<\/p>\n<p>Efter gymnasiet gick Silja i Holland p\u00e5 costumierutbildning ( kl\u00e4dkonst ). Hon utbildade sig p\u00e5 Konstfacks textila linje i Stockholm under ledning av Edna Martin.<br \/>\nHon studerade vid Kulturen i Lund och vid Barbro Nilssons gobelinatelj\u00e9 i Stockholm. \u00c5ren 1963-64 och 1969-70 var hon formgivare p\u00e5 Uppsala l\u00e4ns hemsl\u00f6jd.<\/p>\n<p>Mest har Silja Karlsson arbetat s\u00e5som fri konstn\u00e4r med uppdrag f\u00f6r\u00a0 offentliga milj\u00f6er och med utst\u00e4llningar p\u00e5 museer och konsthallar runt om i de nordiska l\u00e4nderna men ocks\u00e5 i USA och Saudiarabien.<\/p>\n<p>Silja Karlsson har arbetat b\u00e5de med best\u00e4llningsuppdrag och med egna fria kompositioner. Hon har arbetat med v\u00e4vnader, ocks\u00e5 stora bildv\u00e4vnader, och med broderier och i sina verk anv\u00e4nt ull och lin och \u00e5teranv\u00e4nt gamla textlier, handarbeten, spetsar, tyger, monogram, torkade v\u00e4xter samt pinnar och stenar som hon samlat i skog och mark.<\/p>\n<p>Silja Karlsson \u00e4r representerad p\u00e5 Nationalmuseum, R\u00f6hsska Konstsl\u00f6jdsmuseet i G\u00f6teborg, Upplandsmuseet i Uppsala, Statens konstr\u00e5d, Stadshuset i V\u00e4xj\u00f6, Uppsala domkyrka och andra kyrkor samt skolor och andra offentliga lokaler.<\/p>\n","protected":false},"excerpt":{"rendered":"<p>Silja Karlsson f\u00f6ddes 1939. Redan som tre\u00e5ring l\u00e4rde hon sig brodera av sin mor Sivi\u00e4, som fr\u00e5n Karelen till Sverige f\u00f6rt med sig sitt starka intresse f\u00f6r textilier. Detta engagemang utvecklades \u00e4nnu mera av dottern. Efter gymnasiet gick Silja i Holland p\u00e5 costumierutbildning ( kl\u00e4dkonst ). Hon utbildade sig p\u00e5 Konstfacks textila linje i Stockholm ... <\/p>\n","protected":false},"author":1,"featured_media":0,"parent":0,"menu_order":0,"comment_status":"closed","ping_status":"closed","template":"","meta":{"footnotes":""},"tags":[],"class_list":["post-135","page","type-page","status-publish","hentry"],"_links":{"self":[{"href":"https:\/\/siljakarlsson.se\/index.php?rest_route=\/wp\/v2\/pages\/135"}],"collection":[{"href":"https:\/\/siljakarlsson.se\/index.php?rest_route=\/wp\/v2\/pages"}],"about":[{"href":"https:\/\/siljakarlsson.se\/index.php?rest_route=\/wp\/v2\/types\/page"}],"author":[{"embeddable":true,"href":"https:\/\/siljakarlsson.se\/index.php?rest_route=\/wp\/v2\/users\/1"}],"replies":[{"embeddable":true,"href":"https:\/\/siljakarlsson.se\/index.php?rest_route=%2Fwp%2Fv2%2Fcomments&post=135"}],"version-history":[{"count":5,"href":"https:\/\/siljakarlsson.se\/index.php?rest_route=\/wp\/v2\/pages\/135\/revisions"}],"predecessor-version":[{"id":237,"href":"https:\/\/siljakarlsson.se\/index.php?rest_route=\/wp\/v2\/pages\/135\/revisions\/237"}],"wp:attachment":[{"href":"https:\/\/siljakarlsson.se\/index.php?rest_route=%2Fwp%2Fv2%2Fmedia&parent=135"}],"wp:term":[{"taxonomy":"post_tag","embeddable":true,"href":"https:\/\/siljakarlsson.se\/index.php?rest_route=%2Fwp%2Fv2%2Ftags&post=135"}],"curies":[{"name":"wp","href":"https:\/\/api.w.org\/{rel}","templated":true}]}}